{"id":6159,"date":"2017-04-05T21:39:38","date_gmt":"2017-04-05T21:39:38","guid":{"rendered":"http:\/\/34.228.21.37\/proyecto\/otros\/"},"modified":"2026-01-08T18:21:40","modified_gmt":"2026-01-08T22:21:40","slug":"other-fields","status":"publish","type":"page","link":"http:\/\/174.129.218.214\/en\/projects\/other-fields\/","title":{"rendered":"Other Fields"},"content":{"rendered":"<section id=\"bt_section69e21fc3784e4\" data-parallax=\".-7\" data-parallax-offset=\"0\" class=\"boldSection topSemiSpaced bottomSemiSpaced btDarkSkin btAccentColorBackground gutter boxed btMiddleVertical btParallax wBackground cover\" style=\"background-image:url('http:\/\/174.129.218.214\/wp-content\/uploads\/2017\/03\/codelco-mh4.jpg');\"><div class=\"port\"><div class=\"boldCell\"><div class=\"boldCellInner\"><div class=\"boldRow \" ><div class=\"boldRowInner\"><div class=\"rowItem col-md-12 col-ms-12  btTextLeft\"  data-width=\"12\"><div class=\"rowItemContent\" ><header class=\"header btClear large btDash bottomDash  regular\" ><div class=\"dash\"><h2><span class=\"headline\">Otras \u00c1reas<\/span><\/h2><\/div><div class=\"btSubTitle\">Hemos participado en \u00e1reas muy espec\u00edficas como son Telescopios, Demoliciones Masivas en Desmantelamiento de Plantas, Montaje de Correas Transportadoras Especiales (Sicon, Tubulares, de Alta Pendiente, etc.), Planta Geot\u00e9rmica en Gran Altura Geogr\u00e1fica.<\/div><\/header><\/div><\/div><\/div><\/div><\/div><\/div><\/div><\/section><section id=\"bt_section69e21fc378919\"  class=\"boldSection topSemiSpaced bottomSemiSpaced btDarkSkin btAccentColorBackground gutter boxed btMiddleVertical wBackground cover contenedor_menu_proyectos\" style=\"background-color:rgb(241,115,39)  !important;background-image:url('http:\/\/174.129.218.214\/wp-content\/uploads\/2025\/12\/fondo_menu_proyectos.jpg');\"><div class=\"port\"><div class=\"boldCell\"><div class=\"boldCellInner\"><div class=\"boldRow \" ><div class=\"boldRowInner\"><div class=\"rowItem col-md-12 col-ms-12  btTextLeft inherit\"  data-width=\"12\"><div class=\"rowItemContent\" ><div class=\"btCustomMenu \" ><div class=\"menu-proyects_new-container\"><ul id=\"menu-proyects_new\" class=\"menu\"><li id=\"menu-item-9865\" class=\"menu-item menu-item-type-post_type menu-item-object-page menu-item-9865\"><a href=\"http:\/\/174.129.218.214\/en\/projects\/mining\/\">Mining<\/a><\/li><li id=\"menu-item-9866\" class=\"menu-item menu-item-type-post_type menu-item-object-page menu-item-9866\"><a href=\"http:\/\/174.129.218.214\/en\/projects\/energy\/\">Energy<\/a><\/li><li id=\"menu-item-9867\" class=\"menu-item menu-item-type-post_type menu-item-object-page menu-item-9867\"><a href=\"http:\/\/174.129.218.214\/en\/projects\/stock-piles\/\">Stock Piles<\/a><\/li><li id=\"menu-item-9868\" class=\"menu-item menu-item-type-post_type menu-item-object-page menu-item-9868\"><a href=\"http:\/\/174.129.218.214\/en\/projects\/sulfuric-acid\/\">Sulfuric Acid<\/a><\/li><li id=\"menu-item-9869\" class=\"menu-item menu-item-type-post_type menu-item-object-page menu-item-9869\"><a href=\"http:\/\/174.129.218.214\/en\/projects\/forestry\/\">Forestry<\/a><\/li><li id=\"menu-item-9870\" class=\"menu-item menu-item-type-post_type menu-item-object-page menu-item-9870\"><a href=\"http:\/\/174.129.218.214\/en\/projects\/environmental\/\">Environmental<\/a><\/li><li id=\"menu-item-9871\" class=\"menu-item menu-item-type-post_type menu-item-object-page menu-item-9871\"><a href=\"http:\/\/174.129.218.214\/en\/projects\/food\/\">Food<\/a><\/li><li id=\"menu-item-9872\" class=\"menu-item menu-item-type-post_type menu-item-object-page menu-item-9872\"><a href=\"http:\/\/174.129.218.214\/en\/projects\/other-fields\/\">Other Fields<\/a><\/li><li id=\"menu-item-9873\" class=\"menu-item menu-item-type-post_type menu-item-object-page menu-item-9873\"><a href=\"http:\/\/174.129.218.214\/en\/projects\/maritime\/\">Maritime<\/a><\/li>\n<\/ul><\/div><\/div><\/div><\/div><\/div><\/div><\/div><\/div><\/div><\/section><section id=\"bt_section69e21fc37aded\"  class=\"boldSection btLightSkin inherit\" ><div class=\"port\"><div class=\"boldCell\"><div class=\"boldCellInner\"><div class=\"boldRow \" ><div class=\"boldRowInner\"><div class=\"rowItem col-md-12 col-ms-12  btTextLeft\"  data-width=\"12\"><div class=\"rowItemContent\" ><div class=\"btGridContainer tiled btGridGap-0 btHasTitles\" ><div class=\"tilesWall btAjaxGrid tiled\" data-num=\"15\" data-tiles-title=\"yes\" data-grid-type=\"tiled\" data-post-type=\"portfolio\" data-col=\"5\" data-cat-slug=\"Otros\" data-scroll-loading=\"no\" data-format=\"11,11,11,11,11,11,11,11\" data-related=\"\" data-sticky=\"no\"><div class=\"gridSizer\"><\/div><\/div><div class=\"btLoader btLoaderGrid\"><\/div><div class=\"btNoMore btTextCenter topSmallSpaced bottomSmallSpaced\">No more posts<\/div><\/div><\/div><\/div><\/div><\/div><\/div><\/div><\/div><\/section><section id=\"bt_section69e21fc37b0dd\"  class=\"boldSection topSemiSpaced btLightSkin gutter boxed inherit\" ><div class=\"port\"><div class=\"boldCell\"><div class=\"boldCellInner\"><div class=\"boldRow \" ><div class=\"boldRowInner\"><div class=\"rowItem col-md-12 col-ms-12  btTextLeft\"  data-width=\"12\"><div class=\"rowItemContent\" ><\/div><\/div><\/div><\/div><\/div><\/div><\/div><\/section><section id=\"bt_section69e21fc37b43f\" data-parallax=\"-.7\" data-parallax-offset=\"-100\" class=\"boldSection btDarkSkin btAccentColorBackground gutter boxed inherit btParallax wBackground cover\" style=\"background-image:url('http:\/\/174.129.218.214\/wp-content\/uploads\/2017\/04\/otros-fon.jpg');\"><div class=\"port\"><div class=\"boldCell\"><div class=\"boldCellInner\"><div class=\"boldRow \" ><div class=\"boldRowInner\"><div class=\"rowItem col-md-6 col-sm-12 btTextLeft btMiddleVertical\"  data-width=\"6\"><div class=\"rowItemContent\" ><div class=\"btClear btSeparator topSemiSpaced noBorder\" ><hr><\/div><header class=\"header btClear medium btDash bottomDash  regular\" ><div class=\"dash\"><h3><span class=\"headline\">La calidad de los Proyectos ejecutados por PUMA tambi\u00e9n lo confirman nuestros clientes. <\/span><\/h3><\/div><div class=\"btSubTitle\">Nuestra Experiencia se refleja por m\u00e1s de 40 a\u00f1os con m\u00e1s de 300 obras entregadas para m\u00e1s de 100 clientes. <\/div><\/header><\/div><\/div><div class=\"rowItem col-md-6 col-sm-12 btTextLeft btMiddleVertical\"  data-width=\"6\"><div class=\"rowItemContent\" ><div class=\"bpgPhoto btDefaultHoverType\" ><div class=\"btImage\"><img src=\"http:\/\/174.129.218.214\/wp-content\/uploads\/2017\/04\/clientes-f-blanco2.png\" alt=\"\" title=\"\"><\/div><\/div><\/div><\/div><\/div><\/div><\/div><\/div><\/div><\/section> ","protected":false},"excerpt":{"rendered":"","protected":false},"author":2,"featured_media":0,"parent":6135,"menu_order":8,"comment_status":"closed","ping_status":"closed","template":"","meta":[],"_links":{"self":[{"href":"http:\/\/174.129.218.214\/en\/wp-json\/wp\/v2\/pages\/6159\/"}],"collection":[{"href":"http:\/\/174.129.218.214\/en\/wp-json\/wp\/v2\/pages\/"}],"about":[{"href":"http:\/\/174.129.218.214\/en\/wp-json\/wp\/v2\/types\/page\/"}],"author":[{"embeddable":true,"href":"http:\/\/174.129.218.214\/en\/wp-json\/wp\/v2\/users\/2\/"}],"replies":[{"embeddable":true,"href":"http:\/\/174.129.218.214\/en\/wp-json\/wp\/v2\/comments\/?post=6159"}],"version-history":[{"count":16,"href":"http:\/\/174.129.218.214\/en\/wp-json\/wp\/v2\/pages\/6159\/revisions\/"}],"predecessor-version":[{"id":9877,"href":"http:\/\/174.129.218.214\/en\/wp-json\/wp\/v2\/pages\/6159\/revisions\/9877\/"}],"up":[{"embeddable":true,"href":"http:\/\/174.129.218.214\/en\/wp-json\/wp\/v2\/pages\/6135\/"}],"wp:attachment":[{"href":"http:\/\/174.129.218.214\/en\/wp-json\/wp\/v2\/media\/?parent=6159"}],"curies":[{"name":"wp","href":"https:\/\/api.w.org\/{rel}","templated":true}]}}