{"id":6247,"date":"2017-04-05T14:50:03","date_gmt":"2017-04-05T14:50:03","guid":{"rendered":"http:\/\/34.228.21.37\/servicios\/ingenieria\/"},"modified":"2019-03-25T19:05:53","modified_gmt":"2019-03-25T23:05:53","slug":"engineering","status":"publish","type":"page","link":"http:\/\/174.129.218.214\/en\/services\/engineering\/","title":{"rendered":"Conceptual, Basic and Detail Engineering"},"content":{"rendered":"<section id=\"bt_section69e21f93bdce5\" data-parallax=\"-.7\" data-parallax-offset=\"-100\" class=\"boldSection topSemiSpaced bottomSemiSpaced btDarkSkin btAccentColorBackground gutter boxed inherit btParallax wBackground cover\" style=\"background-image:url('http:\/\/174.129.218.214\/wp-content\/uploads\/2017\/03\/banner-proyectos-.jpg');\"><div class=\"port\"><div class=\"boldCell\"><div class=\"boldCellInner\"><div class=\"boldRow \" ><div class=\"boldRowInner\"><div class=\"rowItem col-md-8 col-ms-12 btTextLeft\"  data-width=\"8\"><div class=\"rowItemContent\" ><div class=\"boldRow \" ><div class=\"boldRowInner\"><div class=\"rowItem rowInnerItem col-sm-3  btTextLeft\"  ><div class=\"rowItemContent\"><div class=\"bpgPhoto btDefaultHoverType\" ><div class=\"btImage\"><img src=\"http:\/\/174.129.218.214\/wp-content\/uploads\/2017\/04\/servicios-01-bl.png\" alt=\"\" title=\"\"><\/div><\/div><\/div><\/div><div class=\"rowItem rowInnerItem col-sm-9  btTextLeft\"  ><div class=\"rowItemContent\"><header class=\"header btClear large  regular\" ><div class=\"dash\"><h2><span class=\"headline\">Conceptual, Basic and Details Engineering <\/span><\/h2><\/div><\/header><\/div><\/div><\/div><\/div><\/div><\/div><div class=\"rowItem col-md-4 col-ms-12 btTextLeft\"  data-width=\"4\"><div class=\"rowItemContent\" ><\/div><\/div><\/div><\/div><\/div><\/div><\/div><\/section><section id=\"bt_section69e21f93be330\"  class=\"boldSection btDivider topSemiSpaced bottomSemiSpaced gutter boxed btTopVertical\" ><div class=\"port\"><div class=\"boldCell\"><div class=\"boldCellInner\"><div class=\"boldRow \" ><div class=\"boldRowInner\"><div class=\"rowItem col-md-6 col-sm-12 btTextLeft btTopVertical\"  data-width=\"6\"><div class=\"rowItemContent\" ><header class=\"header btClear medium  regular\" ><div class=\"dash\"><h3><span class=\"headline\">Engineering Service step by step for all stages of a Project<\/span><\/h3><\/div><div class=\"btSubTitle\">PUMA\u2019S Engineering Department staff includes engineering and design specialists in all subjects regarding an industrial project.\r<br>\r<br>Our main goal is to participate in projects beginning with early stages of conceptual design, in order to guide our customers focusing in optimization of CAPEX, OPEX and timing for their investments. Always keeping in mind the goal of adding value engineering.\r<br>\r<br>the integration with our Construction and Assembly areas distinguishes us, where we aim to offer an integral service to our customers, together with specialized companies that can add value to the process.\r<br>\r<br>Due to our \u201cIn house\u201d Engineering capability, we achieved important synergies between PUMA\u2019s different areas, reducing delivery times, risks and margins during development of projects in which we are involved.\r<br>\r<br><\/div><\/header><\/div><\/div><div class=\"rowItem col-md-6 col-sm-12 btTextRight btTopVertical\"  data-width=\"6\"><div class=\"rowItemContent\" ><div class=\"bpgPhoto btDefaultHoverType\" ><div class=\"btImage\"><img src=\"http:\/\/174.129.218.214\/wp-content\/uploads\/2017\/04\/ing-valor3.jpg\" alt=\"\" title=\"\"><\/div><\/div><\/div><\/div><\/div><\/div><\/div><\/div><\/div><\/section><section id=\"bt_section69e21f93be8f5\"  class=\"boldSection topSemiSpaced gutter boxed btTopVertical\" ><div class=\"port\"><div class=\"boldCell\"><div class=\"boldCellInner\"><div class=\"boldRow \" style=\"margin-bottom:20px;\"><div class=\"boldRowInner\"><div class=\"rowItem col-md-6 col-sm-12 btTextRight btTopVertical\"  data-width=\"6\"><div class=\"rowItemContent\" ><div class=\"bpgPhoto btDefaultHoverType\" ><div class=\"btImage\"><img src=\"http:\/\/174.129.218.214\/wp-content\/uploads\/2017\/04\/ingenieri\u0301a-4.jpg\" alt=\"\" title=\"\"><\/div><\/div><\/div><\/div><div class=\"rowItem col-md-6 col-sm-12 btTextLeft btTopVertical\"  data-width=\"6\"><div class=\"rowItemContent\" ><header class=\"header btClear medium  regular\" ><div class=\"dash\"><h3><span class=\"headline\">Value Engineering<\/span><\/h3><\/div><div class=\"btSubTitle\">Consists in the revision, evaluation and analysis of available data, in order to identify chances of improvement or design optimization, by reviewing either client\u2019s or third parties Engineering.\r<br>\r<br>The main purpose is to analyze and apply corrective measures in time, to maximize resources and reduce costs keeping or improving its performance, having in mind customer\u2019s expectancy.<\/div><\/header><\/div><\/div><\/div><\/div><div class=\"boldRow \" style=\"margin-bottom:20px;\"><div class=\"boldRowInner\"><div class=\"rowItem col-md-12 col-ms-12  btTextLeft\"  data-width=\"12\"><div class=\"rowItemContent\" ><div class=\"btClear btSeparator topExtraSmallSpaced bottomExtraSmallSpaced border\" ><hr><\/div><\/div><\/div><\/div><\/div><div class=\"boldRow \" style=\"margin-bottom:20px;\"><div class=\"boldRowInner\"><div class=\"rowItem col-md-4 col-ms-12 btTextLeft btTopVertical\"  data-width=\"4\"><div class=\"rowItemContent\" ><header class=\"header btClear medium btDash bottomDash  regular\" ><div class=\"btSuperTitle\"><span>SERVICES<\/span><\/div><div class=\"dash\"><h3><span class=\"headline\">Conceptual Engineering<\/span><\/h3><\/div><div class=\"btSubTitle\">It is the first step of a Project. Conceptual Engineering defines, on a preliminary basis, some aspects as follows: required capacity for installations, equipment, layout, locations and general provisions, flow charts of main processes, studies of access roads. This allows us to make investment estimation (+\/- 30%).<\/div><\/header><div class=\"bpgPhoto btDefaultHoverType\" ><div class=\"btImage\"><img src=\"http:\/\/174.129.218.214\/wp-content\/uploads\/2017\/04\/ing-depa-conceptual.jpg\" alt=\"\" title=\"\"><\/div><\/div><\/div><\/div><div class=\"rowItem col-md-4 col-ms-12 btTextLeft btTopVertical\"  data-width=\"4\"><div class=\"rowItemContent\" ><header class=\"header btClear medium btDash bottomDash  regular\" ><div class=\"btSuperTitle\"><span>SERVICES<\/span><\/div><div class=\"dash\"><h3><span class=\"headline\">Basic Engineering<\/span><\/h3><\/div><div class=\"btSubTitle\">It is based on a deep analysis to the previous Conceptual Engineering, which result is the input data for this design stage. Basic Engineering defines different topics as follows: definitive locations, inspection of areas for equipment, review of flow charts to elaborate preliminary P&amp;ID, single line diagrams, preliminary calculation for supplies (concrete, structures, electrical, sanitary etc.), preliminary determination of operation conditions, weight and dimensions of main process equipment, equipment specifications (Data sheets), preliminary lists, Investment estimations (+\/- 20%). <\/div><\/header><div class=\"bpgPhoto btDefaultHoverType\" ><div class=\"btImage\"><img src=\"http:\/\/174.129.218.214\/wp-content\/uploads\/2017\/04\/ing-basica.jpg\" alt=\"\" title=\"\"><\/div><\/div><\/div><\/div><div class=\"rowItem col-md-4 col-ms-12 btTextLeft btTopVertical\"  data-width=\"4\"><div class=\"rowItemContent\" ><header class=\"header btClear medium btDash bottomDash  regular\" ><div class=\"btSuperTitle\"><span>SERVICES<\/span><\/div><div class=\"dash\"><h3><span class=\"headline\">Detail Engineering<\/span><\/h3><\/div><div class=\"btSubTitle\">Aims to obtain the detailed design of the installation, needed to proceed with the construction. Detail Engineering defines topics such as Basic Engineering; equipment layout plans; definitive Flow charts and P&amp;ID; final Routings and pipelines; definitive calculation of mechanical, hydraulics and electrical systems; equipment, material and work specifications; issue of bidding documents and purchase orders for all equipment and materials which purchases has not been previously processed.<\/div><\/header><div class=\"bpgPhoto btDefaultHoverType\" ><div class=\"btImage\"><img src=\"http:\/\/174.129.218.214\/wp-content\/uploads\/2017\/04\/ing-depa-detalles.jpg\" alt=\"\" title=\"\"><\/div><\/div><\/div><\/div><\/div><\/div><div class=\"boldRow \" style=\"margin-bottom:20px;\"><div class=\"boldRowInner\"><div class=\"rowItem col-md-12 col-ms-12  btTextLeft btTopVertical\"  data-width=\"12\"><div class=\"rowItemContent\" ><\/div><\/div><\/div><\/div><div class=\"boldRow \" style=\"margin-bottom:20px;\"><div class=\"boldRowInner\"><div class=\"rowItem col-md-12 col-ms-12  btTextLeft\"  data-width=\"12\"><div class=\"rowItemContent\" ><div class=\"btClear btSeparator topExtraSmallSpaced border\" ><hr><\/div><\/div><\/div><\/div><\/div><\/div><\/div><\/div><\/section><section id=\"bt_section69e21f93bfb76\" data-parallax=\"-.7\" data-parallax-offset=\"-100\" class=\"boldSection btDivider topSemiSpaced bottomSemiSpaced btLightSkin gutter boxed btMiddleVertical btParallax\" ><div class=\"port\"><div class=\"boldCell\"><div class=\"boldCellInner\"><div class=\"boldRow \" style=\"margin-bottom:20px;\"><div class=\"boldRowInner\"><div class=\"rowItem col-md-12 col-ms-12  btTextLeft\"  data-width=\"12\"><div class=\"rowItemContent\" ><header class=\"header btClear medium btDash bottomDash  regular\" ><div class=\"dash\"><h3><span class=\"headline\">Related Projects\r<br><\/span><\/h3><\/div><\/header><\/div><\/div><\/div><\/div><div class=\"boldRow \" ><div class=\"boldRowInner\"><div class=\"rowItem col-md-3 col-sm-6 col-ms-12 btTextLeft inherit\" style=\"margin-bottom:30px;\" data-width=\"3\"><div class=\"rowItemContent\" ><div class=\"bpgPhoto btDefaultHoverType btHasTitles\" > \n\t\t\t\t\t<a href=\"\/en\/proyectos\/pesquera-san-jose\" target=\"_self\" title=\"Pesquera San Jos\u00e9\"><\/a>\n\t\t\t\t\t<div class=\"boldPhotoBox\"><div class=\"bpbItem\"><div class=\"btImage\"><img src=\"http:\/\/174.129.218.214\/wp-content\/uploads\/2017\/04\/featured-san-jose.jpg\" alt=\"Pesquera San Jos\u00e9\" title=\"Pesquera San Jos\u00e9\"><\/div><\/div><\/div>\n\t\t\t\t\t<div class=\"captionPane btDarkSkin btTextCenter\">\n\t\t\t\t\t\t<div class=\"captionTable\">\n\t\t\t\t\t\t\t<div class=\"captionCell\">\n\t\t\t\t\t\t\t\t<div class=\"captionTxt\"><header class=\"header btClear extrasmall\" ><div class=\"btSuperTitle\"><span>Mussels Processing Plant<\/span><\/div><div class=\"dash\"><h4><span class=\"headline\">Pesquera San Jos\u00e9<\/span><\/h4><\/div><\/header><\/div>\n\t\t\t\t\t\t\t<\/div>\n\t\t\t\t\t\t<\/div>\n\t\t\t\t\t<\/div>\n\t\t\t\t\t\t<div class=\"btShowTitle\">\n\t\t\t\t\t\t\t<div class=\"btShowTitleCaptionTxt\"><header class=\"header btClear extrasmall\" ><div class=\"btSuperTitle\"><span>Mussels Processing Plant<\/span><\/div><div class=\"dash\"><h4><span class=\"headline\">Pesquera San Jos\u00e9<\/span><\/h4><\/div><\/header><\/div>\n\t\t\t\t\t\t<\/div><\/div><\/div><\/div><div class=\"rowItem col-md-3 col-sm-6 col-ms-12 btTextLeft inherit\" style=\"margin-bottom:30px;\" data-width=\"3\"><div class=\"rowItemContent\" ><div class=\"bpgPhoto btDefaultHoverType btHasTitles\" > \n\t\t\t\t\t<a href=\"\/en\/proyectos\/puerto-ventanas\/\" target=\"_self\" title=\"Puerto Ventanas S.A.\"><\/a>\n\t\t\t\t\t<div class=\"boldPhotoBox\"><div class=\"bpbItem\"><div class=\"btImage\"><img src=\"http:\/\/174.129.218.214\/wp-content\/uploads\/2017\/05\/ventanas-78-cuadrado.jpg\" alt=\"Puerto Ventanas S.A.\" title=\"Puerto Ventanas S.A.\"><\/div><\/div><\/div>\n\t\t\t\t\t<div class=\"captionPane btDarkSkin btTextCenter\">\n\t\t\t\t\t\t<div class=\"captionTable\">\n\t\t\t\t\t\t\t<div class=\"captionCell\">\n\t\t\t\t\t\t\t\t<div class=\"captionTxt\"><header class=\"header btClear extrasmall\" ><div class=\"btSuperTitle\"><span>EPC Copper Concentrate Warehouse<\/span><\/div><div class=\"dash\"><h4><span class=\"headline\">Puerto Ventanas S.A.<\/span><\/h4><\/div><\/header><\/div>\n\t\t\t\t\t\t\t<\/div>\n\t\t\t\t\t\t<\/div>\n\t\t\t\t\t<\/div>\n\t\t\t\t\t\t<div class=\"btShowTitle\">\n\t\t\t\t\t\t\t<div class=\"btShowTitleCaptionTxt\"><header class=\"header btClear extrasmall\" ><div class=\"btSuperTitle\"><span>EPC Copper Concentrate Warehouse<\/span><\/div><div class=\"dash\"><h4><span class=\"headline\">Puerto Ventanas S.A.<\/span><\/h4><\/div><\/header><\/div>\n\t\t\t\t\t\t<\/div><\/div><\/div><\/div><div class=\"rowItem col-md-3 col-sm-6 col-ms-12 btTextLeft inherit\" style=\"margin-bottom:30px;\" data-width=\"3\"><div class=\"rowItemContent\" ><div class=\"bpgPhoto btDefaultHoverType btHasTitles\" > \n\t\t\t\t\t<a href=\"\/en\/proyectos\/compania-minera-del-pacifico\/\" target=\"_self\" title=\"Compa\u00f1\u00eda Minera del Pac\u00edfico\"><\/a>\n\t\t\t\t\t<div class=\"boldPhotoBox\"><div class=\"bpbItem\"><div class=\"btImage\"><img src=\"http:\/\/174.129.218.214\/wp-content\/uploads\/2017\/05\/COMPAN\u0303IA-MINERA-DEL-PACIFICO-42-cuadrado.jpg\" alt=\"Compa\u00f1\u00eda Minera del Pac\u00edfico\" title=\"Compa\u00f1\u00eda Minera del Pac\u00edfico\"><\/div><\/div><\/div>\n\t\t\t\t\t<div class=\"captionPane btDarkSkin btTextCenter\">\n\t\t\t\t\t\t<div class=\"captionTable\">\n\t\t\t\t\t\t\t<div class=\"captionCell\">\n\t\t\t\t\t\t\t\t<div class=\"captionTxt\"><header class=\"header btClear extrasmall\" ><div class=\"btSuperTitle\"><span>EPC Emissions Abatement system for a pellet hardening furnace<\/span><\/div><div class=\"dash\"><h4><span class=\"headline\">Compa\u00f1\u00eda Minera del Pac\u00edfico<\/span><\/h4><\/div><\/header><\/div>\n\t\t\t\t\t\t\t<\/div>\n\t\t\t\t\t\t<\/div>\n\t\t\t\t\t<\/div>\n\t\t\t\t\t\t<div class=\"btShowTitle\">\n\t\t\t\t\t\t\t<div class=\"btShowTitleCaptionTxt\"><header class=\"header btClear extrasmall\" ><div class=\"btSuperTitle\"><span>EPC Emissions Abatement system for a pellet hardening furnace<\/span><\/div><div class=\"dash\"><h4><span class=\"headline\">Compa\u00f1\u00eda Minera del Pac\u00edfico<\/span><\/h4><\/div><\/header><\/div>\n\t\t\t\t\t\t<\/div><\/div><\/div><\/div><div class=\"rowItem col-md-3 col-sm-6 col-ms-12 btTextLeft inherit\" style=\"margin-bottom:30px;\" data-width=\"3\"><div class=\"rowItemContent\" ><div class=\"bpgPhoto btDefaultHoverType btHasTitles\" > \n\t\t\t\t\t<a href=\"\/en\/proyectos\/interacid\/\" target=\"_self\" title=\"Interacid Chile\"><\/a>\n\t\t\t\t\t<div class=\"boldPhotoBox\"><div class=\"bpbItem\"><div class=\"btImage\"><img src=\"http:\/\/174.129.218.214\/wp-content\/uploads\/2017\/03\/featured-IA-00.jpg\" alt=\"Interacid Chile\" title=\"Interacid Chile\"><\/div><\/div><\/div>\n\t\t\t\t\t<div class=\"captionPane btDarkSkin btTextCenter\">\n\t\t\t\t\t\t<div class=\"captionTable\">\n\t\t\t\t\t\t\t<div class=\"captionCell\">\n\t\t\t\t\t\t\t\t<div class=\"captionTxt\"><header class=\"header btClear extrasmall\" ><div class=\"btSuperTitle\"><span>Dock and Terminal Station for 20,000 tons.<\/span><\/div><div class=\"dash\"><h4><span class=\"headline\">Interacid Chile<\/span><\/h4><\/div><\/header><\/div>\n\t\t\t\t\t\t\t<\/div>\n\t\t\t\t\t\t<\/div>\n\t\t\t\t\t<\/div>\n\t\t\t\t\t\t<div class=\"btShowTitle\">\n\t\t\t\t\t\t\t<div class=\"btShowTitleCaptionTxt\"><header class=\"header btClear extrasmall\" ><div class=\"btSuperTitle\"><span>Dock and Terminal Station for 20,000 tons.<\/span><\/div><div class=\"dash\"><h4><span class=\"headline\">Interacid Chile<\/span><\/h4><\/div><\/header><\/div>\n\t\t\t\t\t\t<\/div><\/div><\/div><\/div><\/div><\/div><div class=\"boldRow \" ><div class=\"boldRowInner\"><div class=\"rowItem col-md-3 col-sm-6 col-ms-12 btTextLeft inherit\" style=\"margin-bottom:30px;\" data-width=\"3\"><div class=\"rowItemContent\" ><div class=\"bpgPhoto btDefaultHoverType btHasTitles\" > \n\t\t\t\t\t<a href=\"\/en\/proyectos\/comasa\" target=\"_self\" title=\"Comasa S.A.\"><\/a>\n\t\t\t\t\t<div class=\"boldPhotoBox\"><div class=\"bpbItem\"><div class=\"btImage\"><img src=\"http:\/\/174.129.218.214\/wp-content\/uploads\/2017\/05\/comasa-02-cuadrado.jpg\" alt=\"Comasa S.A.\" title=\"Comasa S.A.\"><\/div><\/div><\/div>\n\t\t\t\t\t<div class=\"captionPane btDarkSkin btTextCenter\">\n\t\t\t\t\t\t<div class=\"captionTable\">\n\t\t\t\t\t\t\t<div class=\"captionCell\">\n\t\t\t\t\t\t\t\t<div class=\"captionTxt\"><header class=\"header btClear extrasmall\" ><div class=\"btSuperTitle\"><span>Power Generation Plant Lautaro II<\/span><\/div><div class=\"dash\"><h4><span class=\"headline\">Comasa S.A.<\/span><\/h4><\/div><\/header><\/div>\n\t\t\t\t\t\t\t<\/div>\n\t\t\t\t\t\t<\/div>\n\t\t\t\t\t<\/div>\n\t\t\t\t\t\t<div class=\"btShowTitle\">\n\t\t\t\t\t\t\t<div class=\"btShowTitleCaptionTxt\"><header class=\"header btClear extrasmall\" ><div class=\"btSuperTitle\"><span>Power Generation Plant Lautaro II<\/span><\/div><div class=\"dash\"><h4><span class=\"headline\">Comasa S.A.<\/span><\/h4><\/div><\/header><\/div>\n\t\t\t\t\t\t<\/div><\/div><\/div><\/div><div class=\"rowItem col-md-3 col-sm-6 col-ms-12 btTextLeft inherit\" style=\"margin-bottom:30px;\" data-width=\"3\"><div class=\"rowItemContent\" ><div class=\"bpgPhoto btDefaultHoverType btHasTitles\" > \n\t\t\t\t\t<a href=\"\/en\/proyectos\/elecmetal\/\" target=\"_self\" title=\"Elecmetal\"><\/a>\n\t\t\t\t\t<div class=\"boldPhotoBox\"><div class=\"bpbItem\"><div class=\"btImage\"><img src=\"http:\/\/174.129.218.214\/wp-content\/uploads\/2017\/04\/elecmetal-home.jpg\" alt=\"Elecmetal\" title=\"Elecmetal\"><\/div><\/div><\/div>\n\t\t\t\t\t<div class=\"captionPane btDarkSkin btTextCenter\">\n\t\t\t\t\t\t<div class=\"captionTable\">\n\t\t\t\t\t\t\t<div class=\"captionCell\">\n\t\t\t\t\t\t\t\t<div class=\"captionTxt\"><header class=\"header btClear extrasmall\" ><div class=\"btSuperTitle\"><span>New Machine Shop Antofagasta<\/span><\/div><div class=\"dash\"><h4><span class=\"headline\">Elecmetal<\/span><\/h4><\/div><\/header><\/div>\n\t\t\t\t\t\t\t<\/div>\n\t\t\t\t\t\t<\/div>\n\t\t\t\t\t<\/div>\n\t\t\t\t\t\t<div class=\"btShowTitle\">\n\t\t\t\t\t\t\t<div class=\"btShowTitleCaptionTxt\"><header class=\"header btClear extrasmall\" ><div class=\"btSuperTitle\"><span>New Machine Shop Antofagasta<\/span><\/div><div class=\"dash\"><h4><span class=\"headline\">Elecmetal<\/span><\/h4><\/div><\/header><\/div>\n\t\t\t\t\t\t<\/div><\/div><\/div><\/div><div class=\"rowItem col-md-3 col-sm-6 col-ms-12 btTextLeft inherit\" style=\"margin-bottom:30px;\" data-width=\"3\"><div class=\"rowItemContent\" ><div class=\"bpgPhoto btDefaultHoverType btHasTitles\" > \n\t\t\t\t\t<a href=\"\/en\/proyectos\/aura-inc\/\" target=\"_self\" title=\"AURA, INC.\"><\/a>\n\t\t\t\t\t<div class=\"boldPhotoBox\"><div class=\"bpbItem\"><div class=\"btImage\"><img src=\"http:\/\/174.129.218.214\/wp-content\/uploads\/2017\/06\/3201-AURA-INC-4-cuadrado.jpg\" alt=\"AURA, INC.\" title=\"AURA, INC.\"><\/div><\/div><\/div>\n\t\t\t\t\t<div class=\"captionPane btDarkSkin btTextCenter\">\n\t\t\t\t\t\t<div class=\"captionTable\">\n\t\t\t\t\t\t\t<div class=\"captionCell\">\n\t\t\t\t\t\t\t\t<div class=\"captionTxt\"><header class=\"header btClear extrasmall\" ><div class=\"btSuperTitle\"><span>Engineering for LSST Telescope Facilities<\/span><\/div><div class=\"dash\"><h4><span class=\"headline\">AURA, INC.<\/span><\/h4><\/div><\/header><\/div>\n\t\t\t\t\t\t\t<\/div>\n\t\t\t\t\t\t<\/div>\n\t\t\t\t\t<\/div>\n\t\t\t\t\t\t<div class=\"btShowTitle\">\n\t\t\t\t\t\t\t<div class=\"btShowTitleCaptionTxt\"><header class=\"header btClear extrasmall\" ><div class=\"btSuperTitle\"><span>Engineering for LSST Telescope Facilities<\/span><\/div><div class=\"dash\"><h4><span class=\"headline\">AURA, INC.<\/span><\/h4><\/div><\/header><\/div>\n\t\t\t\t\t\t<\/div><\/div><\/div><\/div><div class=\"rowItem col-md-3 col-sm-6 col-ms-12 btTextLeft inherit\" style=\"margin-bottom:30px;\" data-width=\"3\"><div class=\"rowItemContent\" ><div class=\"bpgPhoto btDefaultHoverType btHasTitles\" > \n\t\t\t\t\t<a href=\"\/en\/proyectos\/codelco-chile\/\" target=\"_self\" title=\"Codelco Chile\"><\/a>\n\t\t\t\t\t<div class=\"boldPhotoBox\"><div class=\"bpbItem\"><div class=\"btImage\"><img src=\"http:\/\/174.129.218.214\/wp-content\/uploads\/2017\/05\/Codelco-MH-88-cuadrado.jpg\" alt=\"Codelco Chile\" title=\"Codelco Chile\"><\/div><\/div><\/div>\n\t\t\t\t\t<div class=\"captionPane btDarkSkin btTextCenter\">\n\t\t\t\t\t\t<div class=\"captionTable\">\n\t\t\t\t\t\t\t<div class=\"captionCell\">\n\t\t\t\t\t\t\t\t<div class=\"captionTxt\"><header class=\"header btClear extrasmall\" ><div class=\"btSuperTitle\"><span>EPC Sulfuric Acid Terminal<\/span><\/div><div class=\"dash\"><h4><span class=\"headline\">Codelco Chile<\/span><\/h4><\/div><\/header><\/div>\n\t\t\t\t\t\t\t<\/div>\n\t\t\t\t\t\t<\/div>\n\t\t\t\t\t<\/div>\n\t\t\t\t\t\t<div class=\"btShowTitle\">\n\t\t\t\t\t\t\t<div class=\"btShowTitleCaptionTxt\"><header class=\"header btClear extrasmall\" ><div class=\"btSuperTitle\"><span>EPC Sulfuric Acid Terminal<\/span><\/div><div class=\"dash\"><h4><span class=\"headline\">Codelco Chile<\/span><\/h4><\/div><\/header><\/div>\n\t\t\t\t\t\t<\/div><\/div><\/div><\/div><\/div><\/div><\/div><\/div><\/div><\/section><section id=\"bt_section69e21f93c36f7\" data-parallax=\"-.7\" data-parallax-offset=\"-100\" class=\"boldSection btLightSkin gutter boxed inherit btParallax\" ><div class=\"port\"><div class=\"boldCell\"><div class=\"boldCellInner\"><\/div><\/div><\/div><\/section><section id=\"bt_section69e21f93c3796\" data-parallax=\"-.7\" data-parallax-offset=\"-100\" class=\"boldSection btLightSkin gutter boxed inherit btParallax\" ><div class=\"port\"><div class=\"boldCell\"><div class=\"boldCellInner\"><\/div><\/div><\/div><\/section><section id=\"bt_section69e21f93c38aa\" data-parallax=\"-.7\" data-parallax-offset=\"-100\" class=\"boldSection btDarkSkin btAccentColorBackground gutter boxed inherit btParallax wBackground cover\" style=\"background-image:url('http:\/\/174.129.218.214\/wp-content\/uploads\/2017\/03\/banner-proyectos-.jpg');\"><div class=\"port\"><div class=\"boldCell\"><div class=\"boldCellInner\"><div class=\"boldRow \" ><div class=\"boldRowInner\"><div class=\"rowItem col-md-6 col-sm-12 btTextLeft btMiddleVertical\"  data-width=\"6\"><div class=\"rowItemContent\" ><div class=\"btClear btSeparator topSemiSpaced noBorder\" ><hr><\/div><header class=\"header btClear medium btDash bottomDash  regular\" ><div class=\"dash\"><h3><span class=\"headline\"> Engineering Department<\/span><\/h3><\/div><div class=\"btSubTitle\">A close understanding with our internal and external clients, allows us to enhance the options of harnessing natural resources, technologies, capital assets, financial resources and services to carry out our Investment Projects.\r<br>\r<br><\/div><\/header><\/div><\/div><div class=\"rowItem col-md-6 col-sm-12 btTextLeft btMiddleVertical\"  data-width=\"6\"><div class=\"rowItemContent\" ><div class=\"bpgPhoto btDefaultHoverType btOutlinedImage\" ><div class=\"btImage\"><img src=\"\" alt=\"\" title=\"\"><\/div><\/div><\/div><\/div><\/div><\/div><\/div><\/div><\/div><\/section><section id=\"bt_section69e21f93c3c4e\" data-parallax=\"-.7\" data-parallax-offset=\"-100\" class=\"boldSection topSemiSpaced bottomSemiSpaced btLightSkin gutter boxed inherit btParallax\" ><div class=\"port\"><div class=\"boldCell\"><div class=\"boldCellInner\"><div class=\"boldRow \" ><div class=\"boldRowInner\"><div class=\"rowItem col-md-12 col-ms-12  btTextLeft inherit\"  data-width=\"12\"><div class=\"rowItemContent\" ><div class=\"btText\" ><p><span style=\"font-weight: 400;\">The Engineering Department is conformed by a permanent staff of Mechanic Piping, Structure, Electricity and Instrumentation Civil Engineers, and Architects supported by multidisciplinary Designers, that enable us to be a multipurpose team. Either to carry out engineering associated to construction or for third parties, in lump-sum or unit price contract basis according to requirements. \u00a0\u00a0\u00a0<\/span><\/p>\n<p><span style=\"font-weight: 400;\">We have a wide experience in marketing regarding development of the different stages of Conceptual, Basic and Detail Engineering in fields such as:<\/span><\/p>\n<ul>\n<li><span style=\"font-weight: 400;\">Reviewing Engineering for reduction of CAPEX<\/span><\/li>\n<li><span style=\"font-weight: 400;\">Mining<\/span><\/li>\n<li style=\"font-weight: 400;\"><span style=\"font-weight: 400;\">Non Metallic Mining<\/span><\/li>\n<li style=\"font-weight: 400;\"><span style=\"font-weight: 400;\">Smelters, Concrete and Lime<\/span><\/li>\n<li style=\"font-weight: 400;\"><span style=\"font-weight: 400;\">Power Generation Plants<\/span><\/li>\n<li style=\"font-weight: 400;\"><span style=\"font-weight: 400;\">Food, Sea Products and Agro-industry Plants<\/span><\/li>\n<li style=\"font-weight: 400;\"><span style=\"font-weight: 400;\">Processing Buildings<\/span><\/li>\n<li style=\"font-weight: 400;\"><span style=\"font-weight: 400;\">Observatories<\/span><\/li>\n<li style=\"font-weight: 400;\"><span style=\"font-weight: 400;\">Gas <\/span><span style=\"font-weight: 400;\">abatement<\/span><\/li>\n<\/ul>\n<\/div><\/div><\/div><\/div><\/div><\/div><\/div><\/div><\/section> ","protected":false},"excerpt":{"rendered":"","protected":false},"author":2,"featured_media":0,"parent":6138,"menu_order":1,"comment_status":"closed","ping_status":"closed","template":"","meta":[],"_links":{"self":[{"href":"http:\/\/174.129.218.214\/en\/wp-json\/wp\/v2\/pages\/6247\/"}],"collection":[{"href":"http:\/\/174.129.218.214\/en\/wp-json\/wp\/v2\/pages\/"}],"about":[{"href":"http:\/\/174.129.218.214\/en\/wp-json\/wp\/v2\/types\/page\/"}],"author":[{"embeddable":true,"href":"http:\/\/174.129.218.214\/en\/wp-json\/wp\/v2\/users\/2\/"}],"replies":[{"embeddable":true,"href":"http:\/\/174.129.218.214\/en\/wp-json\/wp\/v2\/comments\/?post=6247"}],"version-history":[{"count":10,"href":"http:\/\/174.129.218.214\/en\/wp-json\/wp\/v2\/pages\/6247\/revisions\/"}],"predecessor-version":[{"id":6542,"href":"http:\/\/174.129.218.214\/en\/wp-json\/wp\/v2\/pages\/6247\/revisions\/6542\/"}],"up":[{"embeddable":true,"href":"http:\/\/174.129.218.214\/en\/wp-json\/wp\/v2\/pages\/6138\/"}],"wp:attachment":[{"href":"http:\/\/174.129.218.214\/en\/wp-json\/wp\/v2\/media\/?parent=6247"}],"curies":[{"name":"wp","href":"https:\/\/api.w.org\/{rel}","templated":true}]}}