{"id":6253,"date":"2017-04-05T14:50:53","date_gmt":"2017-04-05T14:50:53","guid":{"rendered":"http:\/\/34.228.21.37\/servicios\/adquisicion-de-equipos\/"},"modified":"2019-03-25T19:12:17","modified_gmt":"2019-03-25T23:12:17","slug":"equipment-procurement","status":"publish","type":"page","link":"http:\/\/174.129.218.214\/en\/services\/equipment-procurement\/","title":{"rendered":"Equipment Procurement"},"content":{"rendered":"<section id=\"bt_section69e22f4b6412d\" data-parallax=\"-.7\" data-parallax-offset=\"-100\" class=\"boldSection topSemiSpaced bottomSemiSpaced btDarkSkin btAccentColorBackground gutter boxed btMiddleVertical btParallax wBackground cover\" style=\"background-image:url('http:\/\/174.129.218.214\/wp-content\/uploads\/2017\/04\/Adq-fon2.jpg');\"><div class=\"port\"><div class=\"boldCell\"><div class=\"boldCellInner\"><div class=\"boldRow \" ><div class=\"boldRowInner\"><div class=\"rowItem col-md-6 col-sm-12 btTextLeft\"  data-width=\"6\"><div class=\"rowItemContent\" ><div class=\"boldRow \" ><div class=\"boldRowInner\"><div class=\"rowItem rowInnerItem col-sm-3  btTextLeft inherit\"  ><div class=\"rowItemContent\"><div class=\"bpgPhoto btDefaultHoverType\" ><div class=\"btImage\"><img src=\"http:\/\/174.129.218.214\/wp-content\/uploads\/2017\/04\/servicios-02-bl.png\" alt=\"\" title=\"\"><\/div><\/div><\/div><\/div><div class=\"rowItem rowInnerItem col-sm-9  btTextLeft\"  ><div class=\"rowItemContent\"><header class=\"header btClear large  regular\" ><div class=\"dash\"><h2><span class=\"headline\">Equipment\r<br>Procurement<\/span><\/h2><\/div><\/header><\/div><\/div><\/div><\/div><\/div><\/div><div class=\"rowItem col-md-6 col-sm-12 btTextLeft\"  data-width=\"6\"><div class=\"rowItemContent\" ><\/div><\/div><\/div><\/div><\/div><\/div><\/div><\/section><section id=\"bt_section69e22f4b64796\"  class=\"boldSection btDivider topSemiSpaced bottomSemiSpaced gutter boxed btTopVertical\" ><div class=\"port\"><div class=\"boldCell\"><div class=\"boldCellInner\"><div class=\"boldRow \" ><div class=\"boldRowInner\"><div class=\"rowItem col-md-6 col-sm-12 btTextLeft btTopVertical\"  data-width=\"6\"><div class=\"rowItemContent\" ><header class=\"header btClear medium btDash bottomDash  regular\" ><div class=\"dash\"><h3><span class=\"headline\">Procurement\r<br>Department\r<br><\/span><\/h3><\/div><div class=\"btSubTitle\">PUMA\u2019s Procurement Department ensures fulfilling all purchase requirements associated to our projects, being involved from the earliest stages of each bidding process.\r<br>\r<br>According to our procedures, all purchases are subject to a strict quality control, starting with the stage of quotation and qualification of suppliers; quality control programs during manufacturing process up to internment logistic, transportation and arrival to work site.\r<br>\r<br>In addition to standard procurement of local material for the construction industry, we offer a relevant experience in international purchasing regarding equipment, processes and specific material associated to our EPC projects, sourcing from the most relevant and demanding worldwide markets and clients.\r<br><\/div><\/header><\/div><\/div><div class=\"rowItem col-md-6 col-sm-12 btTextRight btTopVertical\"  data-width=\"6\"><div class=\"rowItemContent\" ><div class=\"bpgPhoto btDefaultHoverType\" ><div class=\"btImage\"><img src=\"http:\/\/174.129.218.214\/wp-content\/uploads\/2017\/03\/adquisicion-3.jpg\" alt=\"\" title=\"\"><\/div><\/div><\/div><\/div><\/div><\/div><\/div><\/div><\/div><\/section><section id=\"bt_section69e22f4b64cfa\" data-parallax=\"-.7\" data-parallax-offset=\"-100\" class=\"boldSection topSmallSpaced bottomSemiSpaced btLightSkin gutter boxed btMiddleVertical btParallax\" ><div class=\"port\"><div class=\"boldCell\"><div class=\"boldCellInner\"><div class=\"boldRow \" ><div class=\"boldRowInner\"><div class=\"rowItem col-md-12 col-ms-12  btTextLeft\"  data-width=\"12\"><div class=\"rowItemContent\" ><header class=\"header btClear small btDash bottomDash  regular\" ><div class=\"dash\"><h4><span class=\"headline\">Related Projects\r<br><\/span><\/h4><\/div><\/header><\/div><\/div><\/div><\/div><div class=\"boldRow \" ><div class=\"boldRowInner\"><div class=\"rowItem col-md-3 col-sm-6 col-ms-12 btTextLeft inherit\"  data-width=\"3\"><div class=\"rowItemContent\" ><div class=\"bpgPhoto btDefaultHoverType btHasTitles\" > \n\t\t\t\t\t<a href=\"\/en\/proyectos\/puerto-ventanas\/\" target=\"_self\" title=\"Puerto Ventanas S.A.\"><\/a>\n\t\t\t\t\t<div class=\"boldPhotoBox\"><div class=\"bpbItem\"><div class=\"btImage\"><img src=\"http:\/\/174.129.218.214\/wp-content\/uploads\/2017\/05\/ventanas-78-cuadrado.jpg\" alt=\"Puerto Ventanas S.A.\" title=\"Puerto Ventanas S.A.\"><\/div><\/div><\/div>\n\t\t\t\t\t<div class=\"captionPane btDarkSkin btTextCenter\">\n\t\t\t\t\t\t<div class=\"captionTable\">\n\t\t\t\t\t\t\t<div class=\"captionCell\">\n\t\t\t\t\t\t\t\t<div class=\"captionTxt\"><header class=\"header btClear extrasmall\" ><div class=\"btSuperTitle\"><span>EPC Warehouse for copper concentrate<\/span><\/div><div class=\"dash\"><h4><span class=\"headline\">Puerto Ventanas S.A.<\/span><\/h4><\/div><\/header><\/div>\n\t\t\t\t\t\t\t<\/div>\n\t\t\t\t\t\t<\/div>\n\t\t\t\t\t<\/div>\n\t\t\t\t\t\t<div class=\"btShowTitle\">\n\t\t\t\t\t\t\t<div class=\"btShowTitleCaptionTxt\"><header class=\"header btClear extrasmall\" ><div class=\"btSuperTitle\"><span>EPC Warehouse for copper concentrate<\/span><\/div><div class=\"dash\"><h4><span class=\"headline\">Puerto Ventanas S.A.<\/span><\/h4><\/div><\/header><\/div>\n\t\t\t\t\t\t<\/div><\/div><\/div><\/div><div class=\"rowItem col-md-3 col-sm-6 col-ms-12 btTextLeft inherit\"  data-width=\"3\"><div class=\"rowItemContent\" ><div class=\"bpgPhoto btDefaultHoverType btHasTitles\" > \n\t\t\t\t\t<a href=\"\/en\/proyectos\/compania-minera-del-pacifico\/\" target=\"_self\" title=\"Compa\u00f1\u00eda Minera del Pac\u00edfico\"><\/a>\n\t\t\t\t\t<div class=\"boldPhotoBox\"><div class=\"bpbItem\"><div class=\"btImage\"><img src=\"http:\/\/174.129.218.214\/wp-content\/uploads\/2017\/05\/COMPAN\u0303IA-MINERA-DEL-PACIFICO-42-cuadrado.jpg\" alt=\"Compa\u00f1\u00eda Minera del Pac\u00edfico\" title=\"Compa\u00f1\u00eda Minera del Pac\u00edfico\"><\/div><\/div><\/div>\n\t\t\t\t\t<div class=\"captionPane btDarkSkin btTextCenter\">\n\t\t\t\t\t\t<div class=\"captionTable\">\n\t\t\t\t\t\t\t<div class=\"captionCell\">\n\t\t\t\t\t\t\t\t<div class=\"captionTxt\"><header class=\"header btClear extrasmall\" ><div class=\"btSuperTitle\"><span>Emissions abatement system for pellets hardening furnace<\/span><\/div><div class=\"dash\"><h4><span class=\"headline\">Compa\u00f1\u00eda Minera del Pac\u00edfico<\/span><\/h4><\/div><\/header><\/div>\n\t\t\t\t\t\t\t<\/div>\n\t\t\t\t\t\t<\/div>\n\t\t\t\t\t<\/div>\n\t\t\t\t\t\t<div class=\"btShowTitle\">\n\t\t\t\t\t\t\t<div class=\"btShowTitleCaptionTxt\"><header class=\"header btClear extrasmall\" ><div class=\"btSuperTitle\"><span>Emissions abatement system for pellets hardening furnace<\/span><\/div><div class=\"dash\"><h4><span class=\"headline\">Compa\u00f1\u00eda Minera del Pac\u00edfico<\/span><\/h4><\/div><\/header><\/div>\n\t\t\t\t\t\t<\/div><\/div><\/div><\/div><div class=\"rowItem col-md-3 col-sm-6 col-ms-12 btTextLeft inherit\"  data-width=\"3\"><div class=\"rowItemContent\" ><div class=\"bpgPhoto btDefaultHoverType btHasTitles\" > \n\t\t\t\t\t<a href=\"\/en\/proyectos\/gec-alsthom-engineering-system\/\" target=\"_self\" title=\"Gec Alsthom Engineering System\"><\/a>\n\t\t\t\t\t<div class=\"boldPhotoBox\"><div class=\"bpbItem\"><div class=\"btImage\"><img src=\"http:\/\/174.129.218.214\/wp-content\/uploads\/2017\/06\/GEC-ALSTHOM2-cuadrado.jpg\" alt=\"Gec Alsthom Engineering System\" title=\"Gec Alsthom Engineering System\"><\/div><\/div><\/div>\n\t\t\t\t\t<div class=\"captionPane btDarkSkin btTextCenter\">\n\t\t\t\t\t\t<div class=\"captionTable\">\n\t\t\t\t\t\t\t<div class=\"captionCell\">\n\t\t\t\t\t\t\t\t<div class=\"captionTxt\"><header class=\"header btClear extrasmall\" ><div class=\"btSuperTitle\"><span>EPC Cemento Mel\u00f3n Port Terminal<\/span><\/div><div class=\"dash\"><h4><span class=\"headline\">Gec Alsthom Engineering System<\/span><\/h4><\/div><\/header><\/div>\n\t\t\t\t\t\t\t<\/div>\n\t\t\t\t\t\t<\/div>\n\t\t\t\t\t<\/div>\n\t\t\t\t\t\t<div class=\"btShowTitle\">\n\t\t\t\t\t\t\t<div class=\"btShowTitleCaptionTxt\"><header class=\"header btClear extrasmall\" ><div class=\"btSuperTitle\"><span>EPC Cemento Mel\u00f3n Port Terminal<\/span><\/div><div class=\"dash\"><h4><span class=\"headline\">Gec Alsthom Engineering System<\/span><\/h4><\/div><\/header><\/div>\n\t\t\t\t\t\t<\/div><\/div><\/div><\/div><div class=\"rowItem col-md-3 col-sm-6 col-ms-12 btTextLeft inherit\"  data-width=\"3\"><div class=\"rowItemContent\" ><div class=\"bpgPhoto btDefaultHoverType btHasTitles\" > \n\t\t\t\t\t<a href=\"\/en\/proyectos\/puerto-panul\/\" target=\"_self\" title=\"Puerto Panul\"><\/a>\n\t\t\t\t\t<div class=\"boldPhotoBox\"><div class=\"bpbItem\"><div class=\"btImage\"><img src=\"http:\/\/174.129.218.214\/wp-content\/uploads\/2017\/05\/PUERTO-PANUL-cuadrado.jpg\" alt=\"Puerto Panul\" title=\"Puerto Panul\"><\/div><\/div><\/div>\n\t\t\t\t\t<div class=\"captionPane btDarkSkin btTextCenter\">\n\t\t\t\t\t\t<div class=\"captionTable\">\n\t\t\t\t\t\t\t<div class=\"captionCell\">\n\t\t\t\t\t\t\t\t<div class=\"captionTxt\"><header class=\"header btClear extrasmall\" ><div class=\"btSuperTitle\"><span>Upgrading of a Secondary Unloading System<\/span><\/div><div class=\"dash\"><h4><span class=\"headline\">Puerto Panul<\/span><\/h4><\/div><\/header><\/div>\n\t\t\t\t\t\t\t<\/div>\n\t\t\t\t\t\t<\/div>\n\t\t\t\t\t<\/div>\n\t\t\t\t\t\t<div class=\"btShowTitle\">\n\t\t\t\t\t\t\t<div class=\"btShowTitleCaptionTxt\"><header class=\"header btClear extrasmall\" ><div class=\"btSuperTitle\"><span>Upgrading of a Secondary Unloading System<\/span><\/div><div class=\"dash\"><h4><span class=\"headline\">Puerto Panul<\/span><\/h4><\/div><\/header><\/div>\n\t\t\t\t\t\t<\/div><\/div><\/div><\/div><\/div><\/div><\/div><\/div><\/div><\/section><section id=\"bt_section69e22f4b66e3e\" data-parallax=\"-.7\" data-parallax-offset=\"-100\" class=\"boldSection btDarkSkin btAccentColorBackground gutter boxed inherit btParallax wBackground cover\" style=\"background-image:url('http:\/\/174.129.218.214\/wp-content\/uploads\/2017\/04\/Adq-fon2.jpg');\"><div class=\"port\"><div class=\"boldCell\"><div class=\"boldCellInner\"><div class=\"boldRow \" ><div class=\"boldRowInner\"><div class=\"rowItem col-md-6 col-sm-12 btTextLeft btMiddleVertical\"  data-width=\"6\"><div class=\"rowItemContent\" ><div class=\"btClear btSeparator topSemiSpaced noBorder\" ><hr><\/div><header class=\"header btClear medium btDash bottomDash  regular\" ><div class=\"dash\"><h3><span class=\"headline\">Procurement\r<br>Department\r<br><\/span><\/h3><\/div><div class=\"btSubTitle\">PUMA takes full responsibility on inspection and care of equipment to be assembled and tested for each project.<\/div><\/header><\/div><\/div><div class=\"rowItem col-md-6 col-sm-12 btTextLeft btMiddleVertical\"  data-width=\"6\"><div class=\"rowItemContent\" ><div class=\"bpgPhoto btDefaultHoverType\" ><div class=\"btImage\"><img src=\"http:\/\/174.129.218.214\/wp-content\/uploads\/2017\/04\/codelco.png\" alt=\"\" title=\"\"><\/div><\/div><\/div><\/div><\/div><\/div><\/div><\/div><\/div><\/section> ","protected":false},"excerpt":{"rendered":"","protected":false},"author":2,"featured_media":0,"parent":6138,"menu_order":2,"comment_status":"closed","ping_status":"closed","template":"","meta":[],"_links":{"self":[{"href":"http:\/\/174.129.218.214\/en\/wp-json\/wp\/v2\/pages\/6253\/"}],"collection":[{"href":"http:\/\/174.129.218.214\/en\/wp-json\/wp\/v2\/pages\/"}],"about":[{"href":"http:\/\/174.129.218.214\/en\/wp-json\/wp\/v2\/types\/page\/"}],"author":[{"embeddable":true,"href":"http:\/\/174.129.218.214\/en\/wp-json\/wp\/v2\/users\/2\/"}],"replies":[{"embeddable":true,"href":"http:\/\/174.129.218.214\/en\/wp-json\/wp\/v2\/comments\/?post=6253"}],"version-history":[{"count":3,"href":"http:\/\/174.129.218.214\/en\/wp-json\/wp\/v2\/pages\/6253\/revisions\/"}],"predecessor-version":[{"id":6525,"href":"http:\/\/174.129.218.214\/en\/wp-json\/wp\/v2\/pages\/6253\/revisions\/6525\/"}],"up":[{"embeddable":true,"href":"http:\/\/174.129.218.214\/en\/wp-json\/wp\/v2\/pages\/6138\/"}],"wp:attachment":[{"href":"http:\/\/174.129.218.214\/en\/wp-json\/wp\/v2\/media\/?parent=6253"}],"curies":[{"name":"wp","href":"https:\/\/api.w.org\/{rel}","templated":true}]}}