{"id":6263,"date":"2017-04-05T14:54:47","date_gmt":"2017-04-05T14:54:47","guid":{"rendered":"http:\/\/34.228.21.37\/servicios\/montaje-electrico-e-instrumentacion\/"},"modified":"2025-12-09T17:37:34","modified_gmt":"2025-12-09T21:37:34","slug":"electrical-assembly-and-instrumental-set-up","status":"publish","type":"page","link":"http:\/\/174.129.218.214\/en\/services\/electrical-assembly-and-instrumental-set-up\/","title":{"rendered":"Electrical Assembly and Instrumental Set-up"},"content":{"rendered":"<section id=\"bt_section69e22379bf182\" data-parallax=\"-.7\" data-parallax-offset=\"-100\" class=\"boldSection topSemiSpaced bottomSemiSpaced btDarkSkin btAccentColorBackground gutter boxed btMiddleVertical btParallax wBackground cover\" style=\"background-image:url('http:\/\/174.129.218.214\/wp-content\/uploads\/2017\/04\/fon-elec.jpg');\"><div class=\"port\"><div class=\"boldCell\"><div class=\"boldCellInner\"><div class=\"boldRow \" ><div class=\"boldRowInner\"><div class=\"rowItem col-md-6 col-sm-12 btTextLeft\"  data-width=\"6\"><div class=\"rowItemContent\" ><div class=\"boldRow \" ><div class=\"boldRowInner\"><div class=\"rowItem rowInnerItem col-sm-3  btTextLeft\"  ><div class=\"rowItemContent\"><div class=\"bpgPhoto btDefaultHoverType\" ><div class=\"btImage\"><img src=\"http:\/\/174.129.218.214\/wp-content\/uploads\/2017\/04\/servicios-05-bl.png\" alt=\"\" title=\"\"><\/div><\/div><\/div><\/div><div class=\"rowItem rowInnerItem col-sm-9  btTextLeft\"  ><div class=\"rowItemContent\"><header class=\"header btClear large  regular\" ><div class=\"dash\"><h2><span class=\"headline\">Electrical Assembly and Instrumental Set-up<\/span><\/h2><\/div><\/header><\/div><\/div><\/div><\/div><\/div><\/div><div class=\"rowItem col-md-6 col-sm-12 btTextLeft\"  data-width=\"6\"><div class=\"rowItemContent\" ><\/div><\/div><\/div><\/div><\/div><\/div><\/div><\/section><section id=\"bt_section69e22379bf94d\"  class=\"boldSection btDivider topSemiSpaced bottomSemiSpaced gutter boxed btTopVertical\" ><div class=\"port\"><div class=\"boldCell\"><div class=\"boldCellInner\"><div class=\"boldRow \" ><div class=\"boldRowInner\"><div class=\"rowItem col-md-6 col-sm-12 btTextLeft btTopVertical\"  data-width=\"6\"><div class=\"rowItemContent\" ><header class=\"header btClear medium btDash bottomDash  regular\" ><div class=\"dash\"><h3><span class=\"headline\">Electrical Assembly and Instrumental Set-up<\/span><\/h3><\/div><div class=\"btSubTitle\">PUMA has a team of professionals of recognized prestige specialized in the electrical area, to undertake projects related to assembly in high, medium and low voltage.\r<br>Moreover, regarding our industrial projects, we develop engineering and instrumental set up, automatic control systems by means of PLCs and\/or DCS, in addition to our knowledge on fieldbus and industrial communications.\r<br>\r<br>We are constantly related to high voltage courtyards, substations, power chambers, motor control center, systems and control rooms, aerial transmission lines, electrical connections, plus all the wiring connections and low voltage power supplies to the our project\u00b4s different mechanical and electrical equipment.\r<br>\r<br>Thanks to our subsidiary \u201cIngenier\u00eda, Comercializaci\u00f3n y Fabricaciones El\u00e9ctricas S.A.\u201d (ICOFEL) located in Santiago, we can offer solutions for the design and manufacture of Modular Power chambers, Integration of Motor Control Centers, Power Boards and other equipment of this specialty, with the highest quality and integration of world-renowned components.\r<br><\/div><\/header><\/div><\/div><div class=\"rowItem col-md-6 col-sm-12 btTextRight btTopVertical\"  data-width=\"6\"><div class=\"rowItemContent\" ><div class=\"bpgPhoto btDefaultHoverType\" ><div class=\"btImage\"><img src=\"http:\/\/174.129.218.214\/wp-content\/uploads\/2017\/03\/mont-electrico.jpg\" alt=\"\" title=\"\"><\/div><\/div><\/div><\/div><\/div><\/div><\/div><\/div><\/div><\/section><section id=\"bt_section69e22379bfefe\" data-parallax=\"-.7\" data-parallax-offset=\"-100\" class=\"boldSection topSmallSpaced bottomSemiSpaced btLightSkin gutter boxed btMiddleVertical btParallax\" ><div class=\"port\"><div class=\"boldCell\"><div class=\"boldCellInner\"><div class=\"boldRow \" ><div class=\"boldRowInner\"><div class=\"rowItem col-md-12 col-ms-12  btTextLeft\"  data-width=\"12\"><div class=\"rowItemContent\" ><header class=\"header btClear small btDash bottomDash  regular\" ><div class=\"dash\"><h4><span class=\"headline\">Related Projects<\/span><\/h4><\/div><\/header><\/div><\/div><\/div><\/div><div class=\"boldRow \" ><div class=\"boldRowInner\"><div class=\"rowItem col-md-3 col-sm-6 col-ms-12 btTextLeft inherit\"  data-width=\"3\"><div class=\"rowItemContent\" ><div class=\"bpgPhoto btDefaultHoverType btHasTitles\" > \n\t\t\t\t\t<a href=\"\/en\/proyectos\/cementos-biobio\/\" target=\"_self\" title=\"Cementos Bio Bio S.A.\"><\/a>\n\t\t\t\t\t<div class=\"boldPhotoBox\"><div class=\"bpbItem\"><div class=\"btImage\"><img src=\"http:\/\/174.129.218.214\/wp-content\/uploads\/2017\/05\/CEMENTO-BIO-BIO-37-cuadrado.jpg\" alt=\"Cementos Bio Bio S.A.\" title=\"Cementos Bio Bio S.A.\"><\/div><\/div><\/div>\n\t\t\t\t\t<div class=\"captionPane btDarkSkin btTextCenter\">\n\t\t\t\t\t\t<div class=\"captionTable\">\n\t\t\t\t\t\t\t<div class=\"captionCell\">\n\t\t\t\t\t\t\t\t<div class=\"captionTxt\"><header class=\"header btClear extrasmall\" ><div class=\"btSuperTitle\"><span>New Grinding Plant.<\/span><\/div><div class=\"dash\"><h4><span class=\"headline\">Cementos Bio Bio S.A.<\/span><\/h4><\/div><\/header><\/div>\n\t\t\t\t\t\t\t<\/div>\n\t\t\t\t\t\t<\/div>\n\t\t\t\t\t<\/div>\n\t\t\t\t\t\t<div class=\"btShowTitle\">\n\t\t\t\t\t\t\t<div class=\"btShowTitleCaptionTxt\"><header class=\"header btClear extrasmall\" ><div class=\"btSuperTitle\"><span>New Grinding Plant.<\/span><\/div><div class=\"dash\"><h4><span class=\"headline\">Cementos Bio Bio S.A.<\/span><\/h4><\/div><\/header><\/div>\n\t\t\t\t\t\t<\/div><\/div><\/div><\/div><div class=\"rowItem col-md-3 col-sm-6 col-ms-12 btTextLeft inherit\"  data-width=\"3\"><div class=\"rowItemContent\" ><div class=\"bpgPhoto btDefaultHoverType btHasTitles\" > \n\t\t\t\t\t<a href=\"\/en\/proyectos\/aes-gener-maipo\/\" target=\"_self\" title=\"Aes Gener\"><\/a>\n\t\t\t\t\t<div class=\"boldPhotoBox\"><div class=\"bpbItem\"><div class=\"btImage\"><img src=\"http:\/\/174.129.218.214\/wp-content\/uploads\/2017\/06\/AES-Gener-Maipo1-cuadrado.jpg\" alt=\"Aes Gener\" title=\"Aes Gener\"><\/div><\/div><\/div>\n\t\t\t\t\t<div class=\"captionPane btDarkSkin btTextCenter\">\n\t\t\t\t\t\t<div class=\"captionTable\">\n\t\t\t\t\t\t\t<div class=\"captionCell\">\n\t\t\t\t\t\t\t\t<div class=\"captionTxt\"><header class=\"header btClear extrasmall\" ><div class=\"btSuperTitle\"><span>Assembly of Water Treatment Plants for Alto Maipo Central Station<\/span><\/div><div class=\"dash\"><h4><span class=\"headline\">Aes Gener<\/span><\/h4><\/div><\/header><\/div>\n\t\t\t\t\t\t\t<\/div>\n\t\t\t\t\t\t<\/div>\n\t\t\t\t\t<\/div>\n\t\t\t\t\t\t<div class=\"btShowTitle\">\n\t\t\t\t\t\t\t<div class=\"btShowTitleCaptionTxt\"><header class=\"header btClear extrasmall\" ><div class=\"btSuperTitle\"><span>Assembly of Water Treatment Plants for Alto Maipo Central Station<\/span><\/div><div class=\"dash\"><h4><span class=\"headline\">Aes Gener<\/span><\/h4><\/div><\/header><\/div>\n\t\t\t\t\t\t<\/div><\/div><\/div><\/div><div class=\"rowItem col-md-3 col-sm-6 col-ms-12 btTextLeft inherit\"  data-width=\"3\"><div class=\"rowItemContent\" ><div class=\"bpgPhoto btDefaultHoverType btHasTitles\" > \n\t\t\t\t\t<a href=\"\/en\/proyectos\/ormat-enel-green-power\/\" target=\"_self\" title=\"Ormat (Enel Green Power)\"><\/a>\n\t\t\t\t\t<div class=\"boldPhotoBox\"><div class=\"bpbItem\"><div class=\"btImage\"><img src=\"http:\/\/174.129.218.214\/wp-content\/uploads\/2017\/04\/ORMAT-25-cuadrado.jpg\" alt=\"Ormat (Enel Green Power)\" title=\"Ormat (Enel Green Power)\"><\/div><\/div><\/div>\n\t\t\t\t\t<div class=\"captionPane btDarkSkin btTextCenter\">\n\t\t\t\t\t\t<div class=\"captionTable\">\n\t\t\t\t\t\t\t<div class=\"captionCell\">\n\t\t\t\t\t\t\t\t<div class=\"captionTxt\"><header class=\"header btClear extrasmall\" ><div class=\"btSuperTitle\"><span>Geothermal Generation Plant, Cerro Pabell\u00f3n<\/span><\/div><div class=\"dash\"><h4><span class=\"headline\">Ormat (Enel Green Power)<\/span><\/h4><\/div><\/header><\/div>\n\t\t\t\t\t\t\t<\/div>\n\t\t\t\t\t\t<\/div>\n\t\t\t\t\t<\/div>\n\t\t\t\t\t\t<div class=\"btShowTitle\">\n\t\t\t\t\t\t\t<div class=\"btShowTitleCaptionTxt\"><header class=\"header btClear extrasmall\" ><div class=\"btSuperTitle\"><span>Geothermal Generation Plant, Cerro Pabell\u00f3n<\/span><\/div><div class=\"dash\"><h4><span class=\"headline\">Ormat (Enel Green Power)<\/span><\/h4><\/div><\/header><\/div>\n\t\t\t\t\t\t<\/div><\/div><\/div><\/div><div class=\"rowItem col-md-3 col-sm-6 col-ms-12 btTextLeft inherit\"  data-width=\"3\"><div class=\"rowItemContent\" ><div class=\"bpgPhoto btDefaultHoverType btHasTitles\" > \n\t\t\t\t\t<a href=\"\/en\/proyectos\/minera-el-tesoro\/\" target=\"_self\" title=\"Minera El Tesoro\"><\/a>\n\t\t\t\t\t<div class=\"boldPhotoBox\"><div class=\"bpbItem\"><div class=\"btImage\"><img src=\"http:\/\/174.129.218.214\/wp-content\/uploads\/2017\/06\/TESORO29-cuadrado.jpg\" alt=\"Minera El Tesoro\" title=\"Minera El Tesoro\"><\/div><\/div><\/div>\n\t\t\t\t\t<div class=\"captionPane btDarkSkin btTextCenter\">\n\t\t\t\t\t\t<div class=\"captionTable\">\n\t\t\t\t\t\t\t<div class=\"captionCell\">\n\t\t\t\t\t\t\t\t<div class=\"captionTxt\"><header class=\"header btClear extrasmall\" ><div class=\"btSuperTitle\"><span>Dome reconstruction<\/span><\/div><div class=\"dash\"><h4><span class=\"headline\">Minera El Tesoro<\/span><\/h4><\/div><\/header><\/div>\n\t\t\t\t\t\t\t<\/div>\n\t\t\t\t\t\t<\/div>\n\t\t\t\t\t<\/div>\n\t\t\t\t\t\t<div class=\"btShowTitle\">\n\t\t\t\t\t\t\t<div class=\"btShowTitleCaptionTxt\"><header class=\"header btClear extrasmall\" ><div class=\"btSuperTitle\"><span>Dome reconstruction<\/span><\/div><div class=\"dash\"><h4><span class=\"headline\">Minera El Tesoro<\/span><\/h4><\/div><\/header><\/div>\n\t\t\t\t\t\t<\/div><\/div><\/div><\/div><\/div><\/div><\/div><\/div><\/div><\/section><section id=\"bt_section69e22379c21a9\" data-parallax=\"-.7\" data-parallax-offset=\"-100\" class=\"boldSection btDarkSkin btAccentColorBackground gutter boxed inherit btParallax wBackground cover\" style=\"background-image:url('http:\/\/174.129.218.214\/wp-content\/uploads\/2017\/04\/fon-elec.jpg');\"><div class=\"port\"><div class=\"boldCell\"><div class=\"boldCellInner\"><div class=\"boldRow \" ><div class=\"boldRowInner\"><div class=\"rowItem col-md-6 col-sm-12 btTextLeft btMiddleVertical\"  data-width=\"6\"><div class=\"rowItemContent\" ><div class=\"btClear btSeparator topSemiSpaced noBorder\" ><hr><\/div><header class=\"header btClear medium btDash bottomDash  regular\" ><div class=\"dash\"><h3><span class=\"headline\">The quality of our work is endorsed by our clients<\/span><\/h3><\/div><div class=\"btSubTitle\">Over our more than 40 years of experience we have completed more than 300 projects for more than 100 clients.<\/div><\/header><\/div><\/div><div class=\"rowItem col-md-6 col-sm-12 btTextLeft btMiddleVertical\"  data-width=\"6\"><div class=\"rowItemContent\" ><div class=\"bpgPhoto btDefaultHoverType\" ><div class=\"btImage\"><img src=\"http:\/\/174.129.218.214\/wp-content\/uploads\/2017\/04\/instrumentacio\u0301n2.png\" alt=\"\" title=\"\"><\/div><\/div><\/div><\/div><\/div><\/div><\/div><\/div><\/div><\/section> ","protected":false},"excerpt":{"rendered":"","protected":false},"author":2,"featured_media":0,"parent":6138,"menu_order":5,"comment_status":"closed","ping_status":"closed","template":"","meta":[],"_links":{"self":[{"href":"http:\/\/174.129.218.214\/en\/wp-json\/wp\/v2\/pages\/6263\/"}],"collection":[{"href":"http:\/\/174.129.218.214\/en\/wp-json\/wp\/v2\/pages\/"}],"about":[{"href":"http:\/\/174.129.218.214\/en\/wp-json\/wp\/v2\/types\/page\/"}],"author":[{"embeddable":true,"href":"http:\/\/174.129.218.214\/en\/wp-json\/wp\/v2\/users\/2\/"}],"replies":[{"embeddable":true,"href":"http:\/\/174.129.218.214\/en\/wp-json\/wp\/v2\/comments\/?post=6263"}],"version-history":[{"count":8,"href":"http:\/\/174.129.218.214\/en\/wp-json\/wp\/v2\/pages\/6263\/revisions\/"}],"predecessor-version":[{"id":9571,"href":"http:\/\/174.129.218.214\/en\/wp-json\/wp\/v2\/pages\/6263\/revisions\/9571\/"}],"up":[{"embeddable":true,"href":"http:\/\/174.129.218.214\/en\/wp-json\/wp\/v2\/pages\/6138\/"}],"wp:attachment":[{"href":"http:\/\/174.129.218.214\/en\/wp-json\/wp\/v2\/media\/?parent=6263"}],"curies":[{"name":"wp","href":"https:\/\/api.w.org\/{rel}","templated":true}]}}