{"id":6333,"date":"2017-05-08T19:47:26","date_gmt":"2017-05-08T19:47:26","guid":{"rendered":"http:\/\/34.228.21.37\/sobre-nosotros\/organizacion-y-equipo-humano\/"},"modified":"2025-01-10T09:58:18","modified_gmt":"2025-01-10T13:58:18","slug":"organizacion-y-equipo-humano","status":"publish","type":"page","link":"http:\/\/174.129.218.214\/en\/organizacion-y-equipo-humano\/","title":{"rendered":"Organization and human resources"},"content":{"rendered":"<section id=\"bt_section69e21fd03189a\" data-parallax=\"-.7\" data-parallax-offset=\"-40\" class=\"boldSection topSemiSpaced bottomSemiSpaced btDarkSkin btAccentColorBackground gutter boxed inherit btParallax wBackground cover\" style=\"background-image:url('http:\/\/174.129.218.214\/wp-content\/uploads\/2017\/05\/quienes-somos-fondo2.jpg');\"><div class=\"port\"><div class=\"boldCell\"><div class=\"boldCellInner\"><div class=\"boldRow \" ><div class=\"boldRowInner\"><div class=\"rowItem col-md-12 col-ms-12  btTextLeft\"  data-width=\"12\"><div class=\"rowItemContent\" ><header class=\"header btClear large btDash bottomDash  regular\" ><div class=\"dash\"><h2><span class=\"headline\">Organization and Human Resources<\/span><\/h2><\/div><div class=\"btSubTitle\">Presently PUMA is an extensive experienced Company in the field of Engineering and Construction.<\/div><\/header><\/div><\/div><\/div><\/div><\/div><\/div><\/div><\/section><section id=\"bt_section69e21fd031b4d\"  class=\"boldSection topSemiSpaced gutter boxed inherit\" ><div class=\"port\"><div class=\"boldCell\"><div class=\"boldCellInner\"><div class=\"boldRow \" ><div class=\"boldRowInner\"><div class=\"rowItem col-md-3 col-sm-6 col-ms-12 btTextLeft\"  data-width=\"3\"><div class=\"rowItemContent\" ><header class=\"header btClear large btDash bottomDash  regular\" ><div class=\"btSuperTitle\"><span>About Us<\/span><\/div><div class=\"dash\"><h2><span class=\"headline\">Board of Directors<\/span><\/h2><\/div><div class=\"btSubTitle\">From left to right (in the photo): <strong> Sergio Cavagnaro Santa Mar\u00eda, Jos\u00e9 Luis Saavedra, Cristi\u00e1n Puga Matte (CEO), Francisca Koljatic Arcos, Francisco Puga Matte (Chairman) y \u00c1lvaro Costa Ben\u00edtez. <\/strong>\r<br><\/div><\/header><\/div><\/div><div class=\"rowItem col-md-9 col-ms-12  btTextLeft\"  data-width=\"9\"><div class=\"rowItemContent\" ><div class=\"bpgPhoto btDefaultHoverType\" ><div class=\"btImage\"><img src=\"http:\/\/174.129.218.214\/wp-content\/uploads\/2023\/05\/thumbnail_image00222.jpg\" alt=\"\" title=\"\"><\/div><\/div><\/div><\/div><\/div><\/div><\/div><\/div><\/div><\/section><section id=\"bt_section69e21fd03210b\"  class=\"boldSection topSemiSpaced bottomSemiSpaced gutter boxed btMiddleVertical\" ><div class=\"port\"><div class=\"boldCell\"><div class=\"boldCellInner\"><div class=\"boldRow \" ><div class=\"boldRowInner\"><div class=\"rowItem col-md-3 col-sm-6 col-ms-12 btTextLeft\"  data-width=\"3\"><div class=\"rowItemContent\" ><header class=\"header btClear large btDash bottomDash  regular\" ><div class=\"dash\"><h2><span class=\"headline\">Chief Executives<\/span><\/h2><\/div><\/header><\/div><\/div><div class=\"rowItem col-md-3 col-sm-6 col-ms-12 btTextCenter inherit\"  data-width=\"3\"><div class=\"rowItemContent\" ><div class=\"bpgPhoto btSimpleHoverType\"  style=\"padding-bottom:20px;\"><div class=\"btImage\"><img src=\"\" alt=\"\" title=\"\"><\/div><\/div><header class=\"header btClear small  regular\" style=\"margin-bottom:30px; \"><div class=\"dash\"><\/div><div class=\"btSubTitle\">\r<br><\/div><\/header><\/div><\/div><div class=\"rowItem col-md-3 col-sm-6 col-ms-12 btTextCenter inherit\"  data-width=\"3\"><div class=\"rowItemContent\" ><div class=\"bpgPhoto btSimpleHoverType btHasTitles\"  style=\"margin-bottom:20px;\"><div class=\"btImage\"><img src=\"http:\/\/174.129.218.214\/wp-content\/uploads\/2017\/05\/8.jpg\" alt=\"Cristi\u00e1n Puga Matte\" title=\"Cristi\u00e1n Puga Matte\"><\/div><\/div><header class=\"header btClear small  regular\" style=\"margin-bottom:30px; \"><div class=\"dash\"><h4><span class=\"headline\">Cristi\u00e1n Puga Matte<\/span><\/h4><\/div><div class=\"btSubTitle\">General Manager<\/div><\/header><\/div><\/div><div class=\"rowItem col-md-3 col-sm-6 col-ms-12 btTextCenter inherit\"  data-width=\"3\"><div class=\"rowItemContent\" ><div class=\"bpgPhoto btSimpleHoverType\"  style=\"margin-bottom:20px;\"><div class=\"btImage\"><img src=\"\" alt=\"\" title=\"\"><\/div><\/div><header class=\"header btClear small  regular\" style=\"margin-bottom:30px; \"><div class=\"dash\"><\/div><div class=\"btSubTitle\">\r<br><\/div><\/header><\/div><\/div><\/div><\/div><div class=\"boldRow \" ><div class=\"boldRowInner\"><div class=\"rowItem col-md-3 col-sm-6 col-ms-12 btTextCenter inherit\"  data-width=\"3\"><div class=\"rowItemContent\" ><div class=\"bpgPhoto btSimpleHoverType btHasTitles\"  style=\"margin-bottom:20px;\"><div class=\"btImage\"><img src=\"http:\/\/174.129.218.214\/wp-content\/uploads\/2017\/05\/6.jpg\" alt=\"Claudio Moran Ovalle\" title=\"Claudio Moran Ovalle\"><\/div><\/div><header class=\"header btClear small  regular\" style=\"margin-bottom:30px; \"><div class=\"dash\"><h4><span class=\"headline\">Claudio Moran Ovalle<\/span><\/h4><\/div><div class=\"btSubTitle\">Commercial Manager\r<br><\/div><\/header><\/div><\/div><div class=\"rowItem col-md-3 col-sm-6 col-ms-12 btTextCenter inherit\"  data-width=\"3\"><div class=\"rowItemContent\" ><div class=\"bpgPhoto btSimpleHoverType btHasTitles\"  style=\"margin-bottom:20px;\"><div class=\"btImage\"><img src=\"http:\/\/174.129.218.214\/wp-content\/uploads\/2017\/05\/9.jpg\" alt=\"Max Vallejos O\u00b4Shee\" title=\"Max Vallejos O\u00b4Shee\"><\/div><\/div><header class=\"header btClear small  regular\" style=\"margin-bottom:30px; \"><div class=\"dash\"><h4><span class=\"headline\">Max Vallejos O&#8217;Shee<\/span><\/h4><\/div><div class=\"btSubTitle\">Technical Manager\r<br><\/div><\/header><\/div><\/div><div class=\"rowItem col-md-3 col-sm-6 col-ms-12 btTextCenter inherit\"  data-width=\"3\"><div class=\"rowItemContent\" ><div class=\"bpgPhoto btSimpleHoverType btHasTitles\"  style=\"margin-bottom:20px;\"><div class=\"btImage\"><img src=\"http:\/\/174.129.218.214\/wp-content\/uploads\/2025\/01\/Sebastian-Moura-Vicuna.jpg\" alt=\"Sebasti\u00e1n Moura Vicu\u00f1a\" title=\"Sebasti\u00e1n Moura Vicu\u00f1a\"><\/div><\/div><header class=\"header btClear small  regular\" style=\"margin-bottom:30px; \"><div class=\"dash\"><h4><span class=\"headline\">Sebasti\u00e1n Moura Vicu\u00f1a<\/span><\/h4><\/div><div class=\"btSubTitle\">Administration and Finance Manager\r<br>\r<br><\/div><\/header><\/div><\/div><div class=\"rowItem col-md-3 col-sm-6 col-ms-12 btTextCenter inherit\"  data-width=\"3\"><div class=\"rowItemContent\" ><div class=\"bpgPhoto btSimpleHoverType btHasTitles\"  style=\"margin-bottom:20px;\"><div class=\"btImage\"><img src=\"http:\/\/174.129.218.214\/wp-content\/uploads\/2017\/05\/2.jpg\" alt=\"Ricardo del Campo Carrasco\" title=\"Ricardo del Campo Carrasco\"><\/div><\/div><header class=\"header btClear small  regular\" style=\"margin-bottom:30px; \"><div class=\"dash\"><h4><span class=\"headline\">Ricardo del Campo C.<\/span><\/h4><\/div><div class=\"btSubTitle\">ICOFEL Manager\r<br><\/div><\/header><\/div><\/div><\/div><\/div><div class=\"boldRow \" ><div class=\"boldRowInner\"><\/div><\/div><\/div><\/div><\/div><\/section><section id=\"bt_section69e21fd033588\"  class=\"boldSection bottomSemiSpaced gutter boxed inherit\" ><div class=\"port\"><div class=\"boldCell\"><div class=\"boldCellInner\"><div class=\"boldRow \" style=\"padding-bottom:30px;\"><div class=\"boldRowInner\"><div class=\"rowItem col-md-6 col-sm-12 btTextLeft\"  data-width=\"6\"><div class=\"rowItemContent\" ><div class=\"bpgPhoto btDefaultHoverType\" ><div class=\"btImage\"><img src=\"http:\/\/174.129.218.214\/wp-content\/uploads\/2017\/05\/hh-ing.jpg\" alt=\"\" title=\"\"><\/div><\/div><\/div><\/div><div class=\"rowItem col-md-6 col-sm-12 btTextLeft\"  data-width=\"6\"><div class=\"rowItemContent\" ><header class=\"header btClear medium btDash bottomDash  regular\" ><div class=\"dash\"><h3><span class=\"headline\">Engineering Man-hours Capacity\r<br><\/span><\/h3><\/div><div class=\"btSubTitle\">Through its Engineering Department and its strategic partners, PUMA has developed designs in the field of civil works, structural, mechanical, piping, electricity, instrumental set-up and architecture for a total of 150,000 man-hours per year.<\/div><\/header><\/div><\/div><\/div><\/div><div class=\"boldRow \" ><div class=\"boldRowInner\"><div class=\"rowItem col-md-6 col-sm-12 btTextLeft\"  data-width=\"6\"><div class=\"rowItemContent\" ><div class=\"bpgPhoto btDefaultHoverType\" ><div class=\"btImage\"><img src=\"http:\/\/174.129.218.214\/wp-content\/uploads\/2017\/05\/super-cap-y-vie.jpg\" alt=\"\" title=\"\"><\/div><\/div><\/div><\/div><div class=\"rowItem col-md-6 col-sm-12 btTextLeft\"  data-width=\"6\"><div class=\"rowItemContent\" ><header class=\"header btClear medium btDash bottomDash  regular\" ><div class=\"dash\"><h3><span class=\"headline\">Construction Man-hours Capacity\r<br><\/span><\/h3><\/div><div class=\"btSubTitle\">PUMA can administer construction works with extreme logistic challenges, from the emptiness of Tierra del Fuego in the South to the Andean highlands in the North at 4,600 meters above sea level. We have contracted up to 4 million man-hours in construction activities.\r<br><\/div><\/header><\/div><\/div><\/div><\/div><\/div><\/div><\/div><\/section><section id=\"bt_section69e21fd033ed8\" data-parallax=\"-.7\" data-parallax-offset=\"-100\" class=\"boldSection topSemiSpaced bottomSemiSpaced btLightSkin gutter boxed inherit btParallax\" ><div class=\"port\"><div class=\"boldCell\"><div class=\"boldCellInner\"><div class=\"boldRow \" ><div class=\"boldRowInner\"><div class=\"rowItem col-md-6 col-sm-12 btTextLeft btMiddleVertical\"  data-width=\"6\"><div class=\"rowItemContent\" ><header class=\"header btClear medium btDash bottomDash  regular\" ><div class=\"btSuperTitle\"><span>Safety management and work environment<\/span><\/div><div class=\"dash\"><h3><span class=\"headline\">PUMA Instinct\r<br><\/span><\/h3><\/div><div class=\"btSubTitle\">As a response to our people\u00b4s concern we created the campaign Instinto PUMA (PUMA Instinct) to encourage, in a ludic way, health and safety, motivation and work environment in all our working sites. This campaign has generated important impacts in our people, their families and our clients, that can be noted in magazines and posters that picture these activities.<\/div><\/header><a href=\"\/sobre-nosotros\/instinto-puma\/\" class=\"btBtn btBtn btnFilledStyle btnNormalColor btnSmall btnNormalWidth btnLeftPosition btnNoIcon\" ><span class=\"btnInnerText\">Go to PUMA Instinct<\/span><\/a><\/div><\/div><div class=\"rowItem col-md-6 col-sm-12 btTextLeft\"  data-width=\"6\"><div class=\"rowItemContent\" ><div class=\"bpgPhoto btDefaultHoverType\" ><div class=\"btImage\"><img src=\"http:\/\/174.129.218.214\/wp-content\/uploads\/2017\/05\/carepapas-640x320.png\" alt=\"\" title=\"\"><\/div><\/div><\/div><\/div><\/div><\/div><\/div><\/div><\/div><\/section><section id=\"bt_section69e21fd034c92\" data-parallax=\"-.7\" data-parallax-offset=\"-100\" class=\"boldSection btDarkSkin btAccentColorBackground gutter boxed inherit btParallax wBackground cover\" style=\"background-image:url('http:\/\/174.129.218.214\/wp-content\/uploads\/2017\/05\/quienes-somos-fondo2.jpg');\"><div class=\"port\"><div class=\"boldCell\"><div class=\"boldCellInner\"><div class=\"boldRow \" ><div class=\"boldRowInner\"><div class=\"rowItem col-md-12 col-ms-12  btTextLeft\"  data-width=\"12\"><div class=\"rowItemContent\" ><div class=\"slided fixedSliderHeight btSliderHideArrows btSimpleArrows\"  data-slick='{\"infinite\":true,\"autoplay\":true,\"autoplaySpeed\":8000,\"pauseOnHover\":false,\"pauseOnDotsHover\":true}' data-simple_arrows=\"yes\"><div class=\"slidedItem firstItem\"  data-thumb=\"\"><div class=\"btSliderPort wBackground cover\" style=\"background-image: url('')\"><div class=\"btSliderCell\" data-slick=\"yes\"><div class=\"btSlideGutter\"><div class=\"btSlidePane\"><div class=\"boldRow \" ><div class=\"boldRowInner\"><div class=\"rowItem rowInnerItem col-sm-4  btTextLeft btMiddleVertical\"  ><div class=\"rowItemContent\"><header class=\"header btClear medium  regular\" ><div class=\"btSuperTitle\"><span>Jos\u00e9 Monsalve \/ Jaime Riffo <\/span><\/div><div class=\"dash\"><h3><span class=\"headline\">\u201cWe are a great human team, we work in a good environment; we know how to handle the pressure and the job is done well\u201d\r<br>\r<br><\/span><\/h3><\/div><\/header><\/div><\/div><div class=\"rowItem rowInnerItem col-sm-8  btTextLeft btBottomVertical\"  ><div class=\"rowItemContent\"><div class=\"bpgPhoto btDefaultHoverType\" ><div class=\"btImage\"><img src=\"http:\/\/174.129.218.214\/wp-content\/uploads\/2017\/05\/riffo2.png\" alt=\"\" title=\"\"><\/div><\/div><\/div><\/div><\/div><\/div><\/div><\/div><\/div><\/div><\/div><div class=\"slidedItem firstItem\"  data-thumb=\"\"><div class=\"btSliderPort wBackground cover\" style=\"background-image: url('')\"><div class=\"btSliderCell\" data-slick=\"yes\"><div class=\"btSlideGutter\"><div class=\"btSlidePane\"><div class=\"boldRow \" ><div class=\"boldRowInner\"><div class=\"rowItem rowInnerItem col-sm-4  btTextLeft btMiddleVertical\"  ><div class=\"rowItemContent\"><header class=\"header btClear medium  regular\" ><div class=\"btSuperTitle\"><span>Lu\u00eds V\u00e1squez Novoa<\/span><\/div><div class=\"dash\"><h3><span class=\"headline\">\u201cPUMA is an excellent company, we work happy in a pleasant and very dynamic environment; where the work is done well, safely and at the first try.&#8220;<\/span><\/h3><\/div><\/header><\/div><\/div><div class=\"rowItem rowInnerItem col-sm-8  btTextLeft btBottomVertical\"  ><div class=\"rowItemContent\"><div class=\"bpgPhoto btDefaultHoverType\" ><div class=\"btImage\"><img src=\"http:\/\/174.129.218.214\/wp-content\/uploads\/2017\/05\/vasquez2.png\" alt=\"\" title=\"\"><\/div><\/div><\/div><\/div><\/div><\/div><\/div><\/div><\/div><\/div><\/div><div class=\"slidedItem firstItem\"  data-thumb=\"\"><div class=\"btSliderPort wBackground cover\" style=\"background-image: url('')\"><div class=\"btSliderCell\" data-slick=\"yes\"><div class=\"btSlideGutter\"><div class=\"btSlidePane\"><div class=\"boldRow \" ><div class=\"boldRowInner\"><div class=\"rowItem rowInnerItem col-sm-4  btTextLeft btMiddleVertical\"  ><div class=\"rowItemContent\"><header class=\"header btClear medium  regular\" ><div class=\"btSuperTitle\"><span>Mario Quero Escalona<\/span><\/div><div class=\"dash\"><h3><span class=\"headline\">&#8220;PUMA cares about us, safety and care is a priority, both for our own sake and for our families&#8220;\r<br><\/span><\/h3><\/div><\/header><\/div><\/div><div class=\"rowItem rowInnerItem col-sm-8  btTextLeft btBottomVertical\"  ><div class=\"rowItemContent\"><div class=\"bpgPhoto btDefaultHoverType\" ><div class=\"btImage\"><img src=\"http:\/\/174.129.218.214\/wp-content\/uploads\/2017\/05\/mario-quero.png\" alt=\"\" title=\"\"><\/div><\/div><\/div><\/div><\/div><\/div><\/div><\/div><\/div><\/div><\/div><\/div><\/div><\/div><\/div><\/div><\/div><\/div><\/div><\/section> ","protected":false},"excerpt":{"rendered":"","protected":false},"author":2,"featured_media":0,"parent":0,"menu_order":0,"comment_status":"closed","ping_status":"closed","template":"","meta":[],"_links":{"self":[{"href":"http:\/\/174.129.218.214\/en\/wp-json\/wp\/v2\/pages\/6333\/"}],"collection":[{"href":"http:\/\/174.129.218.214\/en\/wp-json\/wp\/v2\/pages\/"}],"about":[{"href":"http:\/\/174.129.218.214\/en\/wp-json\/wp\/v2\/types\/page\/"}],"author":[{"embeddable":true,"href":"http:\/\/174.129.218.214\/en\/wp-json\/wp\/v2\/users\/2\/"}],"replies":[{"embeddable":true,"href":"http:\/\/174.129.218.214\/en\/wp-json\/wp\/v2\/comments\/?post=6333"}],"version-history":[{"count":28,"href":"http:\/\/174.129.218.214\/en\/wp-json\/wp\/v2\/pages\/6333\/revisions\/"}],"predecessor-version":[{"id":9510,"href":"http:\/\/174.129.218.214\/en\/wp-json\/wp\/v2\/pages\/6333\/revisions\/9510\/"}],"wp:attachment":[{"href":"http:\/\/174.129.218.214\/en\/wp-json\/wp\/v2\/media\/?parent=6333"}],"curies":[{"name":"wp","href":"https:\/\/api.w.org\/{rel}","templated":true}]}}